{"id":25,"date":"2025-02-27T04:05:49","date_gmt":"2025-02-27T04:05:49","guid":{"rendered":"http:\/\/www.zaiagrupo.com.br\/site\/?page_id=25"},"modified":"2025-12-01T00:40:49","modified_gmt":"2025-12-01T00:40:49","slug":"servicos","status":"publish","type":"page","link":"https:\/\/www.zaiagrupo.com.br\/site\/servicos\/","title":{"rendered":"Servi\u00e7os"},"content":{"rendered":"\t\t<div data-elementor-type=\"wp-page\" data-elementor-id=\"25\" class=\"elementor elementor-25\" data-elementor-post-type=\"page\">\n\t\t\t\t\t\t<section class=\"has_eae_slider elementor-section elementor-top-section elementor-element elementor-element-31102eca elementor-section-boxed elementor-section-height-default elementor-section-height-default\" data-eae-slider=\"12310\" data-id=\"31102eca\" data-element_type=\"section\" data-e-type=\"section\" data-settings=\"{&quot;background_background&quot;:&quot;classic&quot;}\">\n\t\t\t\t\t\t\t<div class=\"elementor-background-overlay\"><\/div>\n\t\t\t\t\t\t\t<div class=\"elementor-container elementor-column-gap-no\">\n\t\t\t\t\t<div class=\"has_eae_slider elementor-column elementor-col-100 elementor-top-column elementor-element elementor-element-566c4b0d\" data-eae-slider=\"24465\" data-id=\"566c4b0d\" data-element_type=\"column\" data-e-type=\"column\">\n\t\t\t<div class=\"elementor-widget-wrap elementor-element-populated\">\n\t\t\t\t\t\t<section class=\"has_eae_slider elementor-section elementor-inner-section elementor-element elementor-element-3f423ff3 elementor-section-content-top elementor-section-boxed elementor-section-height-default elementor-section-height-default\" data-eae-slider=\"23720\" data-id=\"3f423ff3\" data-element_type=\"section\" data-e-type=\"section\">\n\t\t\t\t\t\t<div class=\"elementor-container elementor-column-gap-default\">\n\t\t\t\t\t<div class=\"has_eae_slider elementor-column elementor-col-100 elementor-inner-column elementor-element elementor-element-6f031926\" data-eae-slider=\"7336\" data-id=\"6f031926\" data-element_type=\"column\" data-e-type=\"column\">\n\t\t\t<div class=\"elementor-widget-wrap elementor-element-populated\">\n\t\t\t\t\t\t<div class=\"elementor-element elementor-element-657559ad elementor-widget elementor-widget-heading\" data-id=\"657559ad\" data-element_type=\"widget\" data-e-type=\"widget\" data-widget_type=\"heading.default\">\n\t\t\t\t\t<h2 class=\"elementor-heading-title elementor-size-default\"><a href=\"https:\/\/www.zaiagrupo.com.br\/site\/servicos\/\">Infraestrutura e Suporte Tecnico com Tecnologia Atual\n\n\n<\/a><\/h2>\t\t\t\t<\/div>\n\t\t\t\t\t<\/div>\n\t\t<\/div>\n\t\t\t\t\t<\/div>\n\t\t<\/section>\n\t\t\t\t<div class=\"elementor-element elementor-element-339bf03c elementor-widget-divider--view-line_text elementor-widget-divider--element-align-center elementor-widget elementor-widget-divider\" data-id=\"339bf03c\" data-element_type=\"widget\" data-e-type=\"widget\" data-widget_type=\"divider.default\">\n\t\t\t\t\t\t\t<div class=\"elementor-divider\">\n\t\t\t<span class=\"elementor-divider-separator\">\n\t\t\t\t\t\t<\/span>\n\t\t<\/div>\n\t\t\t\t\t\t<\/div>\n\t\t\t\t<div class=\"elementor-element elementor-element-5934ea50 animated-slow elementor-invisible elementor-widget elementor-widget-heading\" data-id=\"5934ea50\" data-element_type=\"widget\" data-e-type=\"widget\" data-settings=\"{&quot;_animation&quot;:&quot;fadeInUp&quot;,&quot;_animation_delay&quot;:100}\" data-widget_type=\"heading.default\">\n\t\t\t\t\t<h2 class=\"elementor-heading-title elementor-size-default\"><a href=\"https:\/\/www.zaiagrupo.com.br\/site\/servicos\/\">LISTAS DE PRE\u00c7OS <\/a><\/h2>\t\t\t\t<\/div>\n\t\t\t\t\t<\/div>\n\t\t<\/div>\n\t\t\t\t\t<\/div>\n\t\t<\/section>\n\t\t<div class=\"has_eae_slider elementor-element elementor-element-2895154 e-flex e-con-boxed e-con e-parent\" data-eae-slider=\"62580\" data-id=\"2895154\" data-element_type=\"container\" data-e-type=\"container\">\n\t\t\t\t\t<div class=\"e-con-inner\">\n\t\t\t\t<div class=\"elementor-element elementor-element-54f06ed elementor-widget elementor-widget-html\" data-id=\"54f06ed\" data-element_type=\"widget\" data-e-type=\"widget\" data-widget_type=\"html.default\">\n\t\t\t\t\t<style>\r\n    body {\r\n        background: #ffffff;\r\n        margin: 0;\r\n        font-family: Arial, sans-serif;\r\n    }\r\n\r\n    \/* CARDS *\/\r\n    .card-container {\r\n        display: flex;\r\n        flex-wrap: wrap;\r\n        justify-content: center;\r\n        gap: 25px;\r\n        padding: 40px;\r\n    }\r\n\r\n    .card {\r\n        background: #111111;\r\n        color: white;\r\n        width: 260px;\r\n        padding: 25px;\r\n        border-radius: 15px;\r\n        border: 2px solid #3a3a3a; \/* moldura *\/\r\n        text-align: center;\r\n        box-shadow: 0px 0px 10px #00000055;\r\n    }\r\n\r\n    .card h3 {\r\n        font-size: 22px;\r\n        margin-bottom: 10px;\r\n        color: white;\r\n    }\r\n\r\n    .card p {\r\n        font-size: 16px;\r\n        color: #eeeeee;\r\n    }\r\n\r\n    .btn {\r\n        margin-top: 15px;\r\n        padding: 10px 15px;\r\n        background: #1d8cff;\r\n        color: white;\r\n        text-decoration: none;\r\n        font-weight: bold;\r\n        border-radius: 10px;\r\n        display: inline-block;\r\n    }\r\n<\/style>\r\n\r\n<!-- CARDS DOS SERVI\u00c7OS PRINCIPAIS -->\r\n<div class=\"card-container\">\r\n\r\n    <div class=\"card\">\r\n        <h3>FORMATA\u00c7\u00c3O PROFISSIONAL<\/h3>\r\n        <p>R$ 70,00<\/p>\r\n        <a class=\"btn\" href=\"https:\/\/wa.me\/5511965453806\" target=\"_blank\">Solicitar pelo WhatsApp<\/a>\r\n    <\/div>\r\n\r\n    <div class=\"card\">\r\n        <h3>REMO\u00c7\u00c3O DE V\u00cdRUS<\/h3>\r\n        <p>R$ 50,00<\/p>\r\n        <a class=\"btn\" href=\"https:\/\/wa.me\/5511965453806\" target=\"_blank\">Solicitar pelo WhatsApp<\/a>\r\n    <\/div>\r\n\r\n    <div class=\"card\">\r\n        <h3>MANUTEN\u00c7\u00c3O COMPLETA<\/h3>\r\n        <p>R$ 100,00<\/p>\r\n        <a class=\"btn\" href=\"https:\/\/wa.me\/5511965453806\" target=\"_blank\">Solicitar pelo WhatsApp<\/a>\r\n    <\/div>\r\n\r\n<\/div>\r\n\r\n<!-- PARCEIROS DE ENTREGA (SEM LOGO) -->\r\n<div class=\"card-container\">\r\n\r\n    <div class=\"card partner-card\">\r\n        <h3>Uber Flash<\/h3>\r\n        <a class=\"btn\" href=\"https:\/\/wa.me\/5511965453806\" target=\"_blank\">Clique aqui<\/a>\r\n    <\/div>\r\n\r\n    <div class=\"card partner-card\">\r\n        <h3>iFood Entregas<\/h3>\r\n        <a class=\"btn\" href=\"https:\/\/wa.me\/5511965453806\" target=\"_blank\">Clique aqui<\/a>\r\n    <\/div>\r\n\r\n    <div class=\"card partner-card\">\r\n        <h3>Lalamove<\/h3>\r\n        <a class=\"btn\" href=\"https:\/\/wa.me\/5511965453806\" target=\"_blank\">Clique aqui<\/a>\r\n    <\/div>\r\n\r\n<\/div>\r\n\t\t\t\t<\/div>\n\t\t\t\t\t<\/div>\n\t\t\t\t<\/div>\n\t\t\t\t<\/div>\n\t\t","protected":false},"excerpt":{"rendered":"<p>Infraestrutura e Suporte Tecnico com Tecnologia Atual LISTAS DE PRE\u00c7OS&hellip;<\/p>\n<p> <a class=\"more-link\" href=\"https:\/\/www.zaiagrupo.com.br\/site\/servicos\/\">Read more<\/a><\/p>\n","protected":false},"author":1,"featured_media":0,"parent":0,"menu_order":0,"comment_status":"closed","ping_status":"closed","template":"","meta":{"footnotes":""},"class_list":["post-25","page","type-page","status-publish"],"_links":{"self":[{"href":"https:\/\/www.zaiagrupo.com.br\/site\/wp-json\/wp\/v2\/pages\/25","targetHints":{"allow":["GET"]}}],"collection":[{"href":"https:\/\/www.zaiagrupo.com.br\/site\/wp-json\/wp\/v2\/pages"}],"about":[{"href":"https:\/\/www.zaiagrupo.com.br\/site\/wp-json\/wp\/v2\/types\/page"}],"author":[{"embeddable":true,"href":"https:\/\/www.zaiagrupo.com.br\/site\/wp-json\/wp\/v2\/users\/1"}],"replies":[{"embeddable":true,"href":"https:\/\/www.zaiagrupo.com.br\/site\/wp-json\/wp\/v2\/comments?post=25"}],"version-history":[{"count":109,"href":"https:\/\/www.zaiagrupo.com.br\/site\/wp-json\/wp\/v2\/pages\/25\/revisions"}],"predecessor-version":[{"id":12081,"href":"https:\/\/www.zaiagrupo.com.br\/site\/wp-json\/wp\/v2\/pages\/25\/revisions\/12081"}],"wp:attachment":[{"href":"https:\/\/www.zaiagrupo.com.br\/site\/wp-json\/wp\/v2\/media?parent=25"}],"curies":[{"name":"wp","href":"https:\/\/api.w.org\/{rel}","templated":true}]}}