{"id":27,"date":"2025-02-27T04:05:50","date_gmt":"2025-02-27T04:05:50","guid":{"rendered":"http:\/\/www.zaiagrupo.com.br\/site\/?page_id=27"},"modified":"2025-12-01T00:36:46","modified_gmt":"2025-12-01T00:36:46","slug":"loja-e-shopping","status":"publish","type":"page","link":"https:\/\/www.zaiagrupo.com.br\/site\/loja-e-shopping\/","title":{"rendered":"Loja"},"content":{"rendered":"\t\t<div data-elementor-type=\"wp-page\" data-elementor-id=\"27\" class=\"elementor elementor-27\" data-elementor-post-type=\"page\">\n\t\t\t\t\t\t<header class=\"has_eae_slider elementor-section elementor-top-section elementor-element elementor-element-3b6a6b37 elementor-section-height-min-height elementor-section-full_width elementor-section-stretched elementor-section-height-default elementor-section-items-middle\" data-eae-slider=\"45560\" data-id=\"3b6a6b37\" data-element_type=\"section\" data-e-type=\"section\" data-settings=\"{&quot;background_background&quot;:&quot;classic&quot;,&quot;stretch_section&quot;:&quot;section-stretched&quot;}\">\n\t\t\t\t\t\t\t<div class=\"elementor-background-overlay\"><\/div>\n\t\t\t\t\t\t\t<div class=\"elementor-container elementor-column-gap-default\">\n\t\t\t\t\t<div class=\"has_eae_slider elementor-column elementor-col-100 elementor-top-column elementor-element elementor-element-6d98f1c1\" data-eae-slider=\"88128\" data-id=\"6d98f1c1\" data-element_type=\"column\" data-e-type=\"column\">\n\t\t\t<div class=\"elementor-widget-wrap elementor-element-populated\">\n\t\t\t\t\t\t<div class=\"elementor-element elementor-element-3aceb857 elementor-invisible elementor-widget elementor-widget-heading\" data-id=\"3aceb857\" data-element_type=\"widget\" data-e-type=\"widget\" data-settings=\"{&quot;_animation&quot;:&quot;fadeInDown&quot;}\" data-widget_type=\"heading.default\">\n\t\t\t\t\t<h1 class=\"elementor-heading-title elementor-size-default\">Nossos produtos e indica\u00e7\u00f5es <\/h1>\t\t\t\t<\/div>\n\t\t\t\t<div class=\"elementor-element elementor-element-97fc939 elementor-invisible elementor-widget elementor-widget-text-editor\" data-id=\"97fc939\" data-element_type=\"widget\" data-e-type=\"widget\" data-settings=\"{&quot;_animation&quot;:&quot;fadeIn&quot;}\" data-widget_type=\"text-editor.default\">\n\t\t\t\t\t\t\t\t\t<p>Indicamos os\u00a0 produtos da nossa loja e de\u00a0 parceiros para compra e melhoria do seu negocio.<\/p>\t\t\t\t\t\t\t\t<\/div>\n\t\t\t\t\t<\/div>\n\t\t<\/div>\n\t\t\t\t\t<\/div>\n\t\t<\/header>\n\t\t<div class=\"has_eae_slider elementor-element elementor-element-e139327 e-flex e-con-boxed e-con e-parent\" data-eae-slider=\"44810\" data-id=\"e139327\" data-element_type=\"container\" data-e-type=\"container\">\n\t\t\t\t\t<div class=\"e-con-inner\">\n\t\t\t\t<div class=\"elementor-element elementor-element-14bc476 elementor-widget elementor-widget-html\" data-id=\"14bc476\" data-element_type=\"widget\" data-e-type=\"widget\" data-widget_type=\"html.default\">\n\t\t\t\t\t<style>\r\n    body {\r\n        background: #ffffff;\r\n        margin: 0;\r\n        font-family: Arial, sans-serif;\r\n    }\r\n\r\n    \/* CARDS *\/\r\n    .card-container {\r\n        display: flex;\r\n        flex-wrap: wrap;\r\n        justify-content: center;\r\n        gap: 25px;\r\n        padding: 40px;\r\n    }\r\n\r\n    .card {\r\n        background: #111111;\r\n        color: white;\r\n        width: 260px;\r\n        padding: 25px;\r\n        border-radius: 15px;\r\n        border: 2px solid #3a3a3a; \/* moldura *\/\r\n        text-align: center;\r\n        box-shadow: 0px 0px 10px #00000055;\r\n    }\r\n\r\n    .card h3 {\r\n        font-size: 22px;\r\n        margin-bottom: 10px;\r\n        color: white;\r\n    }\r\n\r\n    .card p {\r\n        font-size: 16px;\r\n        color: #eeeeee;\r\n    }\r\n\r\n    .btn {\r\n        margin-top: 15px;\r\n        padding: 10px 15px;\r\n        background: #1d8cff;\r\n        color: white;\r\n        text-decoration: none;\r\n        font-weight: bold;\r\n        border-radius: 10px;\r\n        display: inline-block;\r\n    }\r\n<\/style>\r\n\r\n<!-- CARDS DOS SERVI\u00c7OS PRINCIPAIS -->\r\n<div class=\"card-container\">\r\n\r\n    <div class=\"card\">\r\n        <h3>FORMATA\u00c7\u00c3O PROFISSIONAL<\/h3>\r\n        <p>R$ 70,00<\/p>\r\n        <a class=\"btn\" href=\"https:\/\/wa.me\/5511965453806\" target=\"_blank\">Solicitar pelo WhatsApp<\/a>\r\n    <\/div>\r\n\r\n    <div class=\"card\">\r\n        <h3>REMO\u00c7\u00c3O DE V\u00cdRUS<\/h3>\r\n        <p>R$ 50,00<\/p>\r\n        <a class=\"btn\" href=\"https:\/\/wa.me\/5511965453806\" target=\"_blank\">Solicitar pelo WhatsApp<\/a>\r\n    <\/div>\r\n\r\n    <div class=\"card\">\r\n        <h3>MANUTEN\u00c7\u00c3O COMPLETA<\/h3>\r\n        <p>R$ 100,00<\/p>\r\n        <a class=\"btn\" href=\"https:\/\/wa.me\/5511965453806\" target=\"_blank\">Solicitar pelo WhatsApp<\/a>\r\n    <\/div>\r\n\r\n<\/div>\r\n\r\n<!-- PARCEIROS DE ENTREGA (SEM LOGO) -->\r\n<div class=\"card-container\">\r\n\r\n    <div class=\"card partner-card\">\r\n        <h3>Uber Flash<\/h3>\r\n        <a class=\"btn\" href=\"https:\/\/wa.me\/5511965453806\" target=\"_blank\">Clique aqui<\/a>\r\n    <\/div>\r\n\r\n    <div class=\"card partner-card\">\r\n        <h3>iFood Entregas<\/h3>\r\n        <a class=\"btn\" href=\"https:\/\/wa.me\/5511965453806\" target=\"_blank\">Clique aqui<\/a>\r\n    <\/div>\r\n\r\n    <div class=\"card partner-card\">\r\n        <h3>Lalamove<\/h3>\r\n        <a class=\"btn\" href=\"https:\/\/wa.me\/5511965453806\" target=\"_blank\">Clique aqui<\/a>\r\n    <\/div>\r\n\r\n<\/div>\r\n\t\t\t\t<\/div>\n\t\t\t\t\t<\/div>\n\t\t\t\t<\/div>\n\t\t\t\t<\/div>\n\t\t","protected":false},"excerpt":{"rendered":"<p>Nossos produtos e indica\u00e7\u00f5es Indicamos os\u00a0 produtos da nossa loja&hellip;<\/p>\n<p> <a class=\"more-link\" href=\"https:\/\/www.zaiagrupo.com.br\/site\/loja-e-shopping\/\">Read more<\/a><\/p>\n","protected":false},"author":1,"featured_media":0,"parent":0,"menu_order":0,"comment_status":"closed","ping_status":"closed","template":"","meta":{"footnotes":""},"class_list":["post-27","page","type-page","status-publish"],"_links":{"self":[{"href":"https:\/\/www.zaiagrupo.com.br\/site\/wp-json\/wp\/v2\/pages\/27","targetHints":{"allow":["GET"]}}],"collection":[{"href":"https:\/\/www.zaiagrupo.com.br\/site\/wp-json\/wp\/v2\/pages"}],"about":[{"href":"https:\/\/www.zaiagrupo.com.br\/site\/wp-json\/wp\/v2\/types\/page"}],"author":[{"embeddable":true,"href":"https:\/\/www.zaiagrupo.com.br\/site\/wp-json\/wp\/v2\/users\/1"}],"replies":[{"embeddable":true,"href":"https:\/\/www.zaiagrupo.com.br\/site\/wp-json\/wp\/v2\/comments?post=27"}],"version-history":[{"count":110,"href":"https:\/\/www.zaiagrupo.com.br\/site\/wp-json\/wp\/v2\/pages\/27\/revisions"}],"predecessor-version":[{"id":12078,"href":"https:\/\/www.zaiagrupo.com.br\/site\/wp-json\/wp\/v2\/pages\/27\/revisions\/12078"}],"wp:attachment":[{"href":"https:\/\/www.zaiagrupo.com.br\/site\/wp-json\/wp\/v2\/media?parent=27"}],"curies":[{"name":"wp","href":"https:\/\/api.w.org\/{rel}","templated":true}]}}